{"id":47,"date":"2021-09-13T20:39:50","date_gmt":"2021-09-13T20:39:50","guid":{"rendered":"https:\/\/acbb-aikido.fr\/?page_id=47"},"modified":"2021-09-16T14:11:22","modified_gmt":"2021-09-16T14:11:22","slug":"historique-du-club","status":"publish","type":"page","link":"https:\/\/acbb-aikido.fr\/index.php\/historique-du-club\/","title":{"rendered":"Historique du club"},"content":{"rendered":"\n<h2>\n\t\tHistorique du club\n\t<\/h2>\n\t\n\t\n\tIl devient le premier enseignant du club de Boulogne-Billancourt en 1957. Il est l&rsquo;un des pionniers de l&rsquo;a\u00efkido en France. El\u00e8ve principal de Tadashi Abe (1er expert japonais venu en France et lui-m\u00eame \u00e9l\u00e8ve du Fondateur Morihei Ueshiba).<br \/>\nA ce moment-l\u00e0, il y avait en France entre 500 et 1000 pratiquants.<br \/>\nLors du lancement de la discipline \u00e0 l&rsquo;ACBB, l&rsquo;a\u00efkido comptait 5 \u00e9l\u00e8ves dont Jean Gache.\n\t<hr \/>\n\t\n\t\n\nD&rsquo;abord pratiquant du Judo sous l&rsquo;enseignement de Jean Cieslak depuis la cr\u00e9ation de la section \u00e0 l&rsquo;ACBB en 1956, Jean obtint sa ceinture noire de Judo et se pris rapidement de passion pour l&rsquo;A\u00efkido. Il a ensuite consacr\u00e9 sa vie \u00e0 cet art martial depuis 1961.<br \/>\nEl\u00e8ve de Ma\u00eetre Noro, il perfectionnera sa pratique aupr\u00e8s de nombreux experts comme\u00a0Ma\u00eetre Tamura depuis 1964, Me Nagasano, Me Tada ou Me Asai. (Il r\u00e9ussira son premier dan devant Me Tadashi Abe et son 4eme Dan devant Me Tamura). Pendant de nombreuses ann\u00e9es, Jean \u00e9tudiera et pratiquera \u00e9galement l&rsquo;art de d\u00e9gainer le sabre, le Ia\u00efdo.<br \/>\nEn 1973 il reprend la section a\u00efkido de l&rsquo;ACBB apr\u00e8s le d\u00e9part de Jean Cieslak et assurera l&rsquo;enseignement pendant 36 ans ! (Jusqu&rsquo;\u00e0 5 cours par semaine tout au long de l&rsquo;ann\u00e9e)<br \/>\nPendant tout ce temps il donnera un v\u00e9ritable essor au club et formera plus de 50 ceintures noires (du 1erDan au 4eme Dan). Il recevra la m\u00e9daille d&rsquo;argent Jeunesse et Sports en 1984.<br \/>\nD&rsquo;une profonde bienveillance, d&rsquo;une droiture et d&rsquo;une modestie sans \u00e9gales, toujours \u00e0 l&rsquo;\u00e9coute, Jean pratiquait l&rsquo;A\u00efkido sans rel\u00e2che et nous incitait par l&rsquo;exemple \u00e0 faire de m\u00eame. Il nous transmettait avec patience et m\u00e9thode le meilleur de sa pratique. Travailleur acharn\u00e9 et discret, il lui arrivait de faire 300 km par jour pour venir nous prodiguer un cours. Sans rien montrer, il luttera contre la maladie pendant pr\u00e8s de 20 ans avec grand courage.\n\t\t\t\t<img loading=\"lazy\" decoding=\"async\" src=\"https:\/\/acbb-aikido.fr\/wp-content\/uploads\/2021\/09\/Jean-Gache3.jpg\" alt=\"Jean Gache3\" itemprop=\"image\" height=\"300\" width=\"225\" title=\"Jean Gache3\" onerror=\"this.style.display='none'\"  \/>\n\t\t\t\t<img loading=\"lazy\" decoding=\"async\" src=\"https:\/\/acbb-aikido.fr\/wp-content\/uploads\/2021\/09\/Jean-gache-1.jpg\" alt=\"Jean gache 1\" itemprop=\"image\" height=\"300\" width=\"218\" title=\"Jean gache 1\" onerror=\"this.style.display='none'\"  \/>\n\t\t\t\t<img loading=\"lazy\" decoding=\"async\" src=\"https:\/\/acbb-aikido.fr\/wp-content\/uploads\/2021\/09\/Jean-Gache2.jpg\" alt=\"Jean Gache2\" itemprop=\"image\" height=\"300\" width=\"203\" title=\"Jean Gache2\" onerror=\"this.style.display='none'\"  \/>\n\t<hr color=\"\"\/>\n\t\n\t\n\nPratiquant l&rsquo;A\u00efkido depuis 1984 en s&rsquo;entrainant assidument aupr\u00e8s de Jean Gache, Brahim s&rsquo;est aussi initi\u00e9 \u00e0 de nombreux arts martiaux comme le Iaido, le Kendo, le Judo ou le Kung-Fu.\u00a0 Dans sa progression, Brahim a assist\u00e9 Jean avec passion pour nous enseigner l&rsquo;A\u00efkido depuis 1999 puis a repris \u00e0 son tour l&rsquo;enseignement du club a la disparition de Jean en 2009 (assist\u00e9 de plusieurs pratiquants exp\u00e9riment\u00e9s). Fid\u00e8le \u00e0 une pratique assidue et \u00e9nergique pendant plus de 30 ans, Brahim a donn\u00e9 le meilleur de lui-m\u00eame pour nous transmettre l&rsquo;A\u00efkido dans la continuit\u00e9 des enseignements de Jean malgr\u00e9 la difficult\u00e9 de cette t\u00e2che.<br \/>\nPour raisons m\u00e9dicales, Brahim a malheureusement d\u00fb interrompre sa pratique de l&rsquo;A\u00efkido en 2018 et nous esp\u00e9rons le revoir prochainement sur les tatamis.\n\t\t\t\t<img loading=\"lazy\" decoding=\"async\" src=\"https:\/\/acbb-aikido.fr\/wp-content\/uploads\/2021\/09\/Brahimsaiia2.jpg\" alt=\"Brahimsaiia2\" itemprop=\"image\" height=\"300\" width=\"203\" title=\"Brahimsaiia2\" onerror=\"this.style.display='none'\"  \/>\n\t\t\t\t<img loading=\"lazy\" decoding=\"async\" src=\"https:\/\/acbb-aikido.fr\/wp-content\/uploads\/2021\/09\/BrahimSaiia1.jpg\" alt=\"BrahimSaiia1\" itemprop=\"image\" height=\"300\" width=\"199\" title=\"BrahimSaiia1\" onerror=\"this.style.display='none'\"  \/>\n\t<hr color=\"\"\/>\n\t\t\t<a href=\"https:\/\/acbb-aikido.fr\/\" target=\"_self\" role=\"button\" rel=\"noopener\">\n\t\t\t\t\t\tAccueil\n\t\t\t\t\t<\/a>\n\t\t\t<a href=\"https:\/\/acbb-aikido.fr\/index.php\/enseignants\/\" target=\"_self\" role=\"button\" rel=\"noopener\">\n\t\t\t\t\t\tEnseignants\n\t\t\t\t\t<\/a>\n\t\t\t<a href=\"https:\/\/acbb-aikido.fr\/index.php\/infos-pratiques\/\" target=\"_self\" role=\"button\" rel=\"noopener\">\n\t\t\t\t\t\tInfos pratiques\n\t\t\t\t\t<\/a>\n\t\t\t<a href=\"https:\/\/acbb-aikido.fr\/index.php\/multimedias\/\" target=\"_self\" role=\"button\" rel=\"noopener\">\n\t\t\t\t\t\tMultim\u00e9dias\n\t\t\t\t\t<\/a>\n\t\t\t<a href=\"https:\/\/acbb-aikido.fr\/index.php\/liens-utiles\/\" target=\"_self\" role=\"button\" rel=\"noopener\">\n\t\t\t\t\t\tLiens utiles\n\t\t\t\t\t<\/a>\n\n","protected":false},"excerpt":{"rendered":"<p>Historique du club Il devient le premier enseignant du club de Boulogne-Billancourt en 1957. Il est l&rsquo;un des pionniers de l&rsquo;a\u00efkido en France. El\u00e8ve principal de Tadashi Abe (1er expert japonais venu en France et lui-m\u00eame \u00e9l\u00e8ve du Fondateur Morihei Ueshiba). A ce moment-l\u00e0, il y avait en France entre 500 et 1000 pratiquants. Lors du lancement de la discipline \u00e0 l&rsquo;ACBB, l&rsquo;a\u00efkido comptait 5 \u00e9l\u00e8ves dont Jean Gache. D&rsquo;abord pratiquant du Judo sous l&rsquo;enseignement de Jean Cieslak depuis la cr\u00e9ation de la section \u00e0 l&rsquo;ACBB en 1956, Jean obtint sa ceinture noire de Judo et se pris rapidement de passion pour l&rsquo;A\u00efkido. Il a ensuite consacr\u00e9 sa vie \u00e0 cet art martial depuis 1961. El\u00e8ve de Ma\u00eetre Noro, il perfectionnera sa pratique aupr\u00e8s de nombreux experts comme\u00a0Ma\u00eetre Tamura depuis 1964, Me Nagasano, Me Tada ou Me Asai. (Il r\u00e9ussira son premier dan devant Me Tadashi Abe et son 4eme&hellip;<\/p>\n<p> <a class=\"more-link\" href=\"https:\/\/acbb-aikido.fr\/index.php\/historique-du-club\/\">Lire la suite<\/a><\/p>\n","protected":false},"author":1,"featured_media":0,"parent":0,"menu_order":0,"comment_status":"closed","ping_status":"closed","template":"","meta":{"footnotes":""},"class_list":["post-47","page","type-page","status-publish"],"yoast_head":"<!-- This site is optimized with the Yoast SEO plugin v27.5 - https:\/\/yoast.com\/product\/yoast-seo-wordpress\/ -->\n<title>Historique du club &#8211; ACBB Aikido<\/title>\n<meta name=\"robots\" content=\"index, follow, max-snippet:-1, max-image-preview:large, max-video-preview:-1\" \/>\n<link rel=\"canonical\" href=\"https:\/\/acbb-aikido.fr\/index.php\/historique-du-club\/\" \/>\n<meta property=\"og:locale\" content=\"fr_FR\" \/>\n<meta property=\"og:type\" content=\"article\" \/>\n<meta property=\"og:title\" content=\"Historique du club &#8211; ACBB Aikido\" \/>\n<meta property=\"og:description\" content=\"Historique du club Il devient le premier enseignant du club de Boulogne-Billancourt en 1957. Il est l&rsquo;un des pionniers de l&rsquo;a\u00efkido en France. El\u00e8ve principal de Tadashi Abe (1er expert japonais venu en France et lui-m\u00eame \u00e9l\u00e8ve du Fondateur Morihei Ueshiba). A ce moment-l\u00e0, il y avait en France entre 500 et 1000 pratiquants. Lors du lancement de la discipline \u00e0 l&rsquo;ACBB, l&rsquo;a\u00efkido comptait 5 \u00e9l\u00e8ves dont Jean Gache. D&rsquo;abord pratiquant du Judo sous l&rsquo;enseignement de Jean Cieslak depuis la cr\u00e9ation de la section \u00e0 l&rsquo;ACBB en 1956, Jean obtint sa ceinture noire de Judo et se pris rapidement de passion pour l&rsquo;A\u00efkido. Il a ensuite consacr\u00e9 sa vie \u00e0 cet art martial depuis 1961. El\u00e8ve de Ma\u00eetre Noro, il perfectionnera sa pratique aupr\u00e8s de nombreux experts comme\u00a0Ma\u00eetre Tamura depuis 1964, Me Nagasano, Me Tada ou Me Asai. (Il r\u00e9ussira son premier dan devant Me Tadashi Abe et son 4eme&hellip;  Lire la suite\" \/>\n<meta property=\"og:url\" content=\"https:\/\/acbb-aikido.fr\/index.php\/historique-du-club\/\" \/>\n<meta property=\"og:site_name\" content=\"ACBB Aikido\" \/>\n<meta property=\"article:publisher\" content=\"https:\/\/www.facebook.com\/acbbaikido\/\" \/>\n<meta property=\"article:modified_time\" content=\"2021-09-16T14:11:22+00:00\" \/>\n<meta property=\"og:image\" content=\"https:\/\/acbb-aikido.fr\/wp-content\/uploads\/2021\/09\/Jean-Gache3.jpg\" \/>\n<meta name=\"twitter:card\" content=\"summary_large_image\" \/>\n<meta name=\"twitter:label1\" content=\"Dur\u00e9e de lecture estim\u00e9e\" \/>\n\t<meta name=\"twitter:data1\" content=\"2 minutes\" \/>\n<script type=\"application\/ld+json\" class=\"yoast-schema-graph\">{\"@context\":\"https:\\\/\\\/schema.org\",\"@graph\":[{\"@type\":\"WebPage\",\"@id\":\"https:\\\/\\\/acbb-aikido.fr\\\/index.php\\\/historique-du-club\\\/\",\"url\":\"https:\\\/\\\/acbb-aikido.fr\\\/index.php\\\/historique-du-club\\\/\",\"name\":\"Historique du club &#8211; ACBB Aikido\",\"isPartOf\":{\"@id\":\"https:\\\/\\\/acbb-aikido.fr\\\/#website\"},\"primaryImageOfPage\":{\"@id\":\"https:\\\/\\\/acbb-aikido.fr\\\/index.php\\\/historique-du-club\\\/#primaryimage\"},\"image\":{\"@id\":\"https:\\\/\\\/acbb-aikido.fr\\\/index.php\\\/historique-du-club\\\/#primaryimage\"},\"thumbnailUrl\":\"https:\\\/\\\/acbb-aikido.fr\\\/wp-content\\\/uploads\\\/2021\\\/09\\\/Jean-Gache3.jpg\",\"datePublished\":\"2021-09-13T20:39:50+00:00\",\"dateModified\":\"2021-09-16T14:11:22+00:00\",\"breadcrumb\":{\"@id\":\"https:\\\/\\\/acbb-aikido.fr\\\/index.php\\\/historique-du-club\\\/#breadcrumb\"},\"inLanguage\":\"fr-FR\",\"potentialAction\":[{\"@type\":\"ReadAction\",\"target\":[\"https:\\\/\\\/acbb-aikido.fr\\\/index.php\\\/historique-du-club\\\/\"]}]},{\"@type\":\"ImageObject\",\"inLanguage\":\"fr-FR\",\"@id\":\"https:\\\/\\\/acbb-aikido.fr\\\/index.php\\\/historique-du-club\\\/#primaryimage\",\"url\":\"https:\\\/\\\/acbb-aikido.fr\\\/wp-content\\\/uploads\\\/2021\\\/09\\\/Jean-Gache3.jpg\",\"contentUrl\":\"https:\\\/\\\/acbb-aikido.fr\\\/wp-content\\\/uploads\\\/2021\\\/09\\\/Jean-Gache3.jpg\",\"width\":225,\"height\":300},{\"@type\":\"BreadcrumbList\",\"@id\":\"https:\\\/\\\/acbb-aikido.fr\\\/index.php\\\/historique-du-club\\\/#breadcrumb\",\"itemListElement\":[{\"@type\":\"ListItem\",\"position\":1,\"name\":\"Accueil\",\"item\":\"https:\\\/\\\/acbb-aikido.fr\\\/\"},{\"@type\":\"ListItem\",\"position\":2,\"name\":\"Historique du club\"}]},{\"@type\":\"WebSite\",\"@id\":\"https:\\\/\\\/acbb-aikido.fr\\\/#website\",\"url\":\"https:\\\/\\\/acbb-aikido.fr\\\/\",\"name\":\"ACBB Aikido\",\"description\":\"Rejoignez nous !\",\"publisher\":{\"@id\":\"https:\\\/\\\/acbb-aikido.fr\\\/#organization\"},\"potentialAction\":[{\"@type\":\"SearchAction\",\"target\":{\"@type\":\"EntryPoint\",\"urlTemplate\":\"https:\\\/\\\/acbb-aikido.fr\\\/?s={search_term_string}\"},\"query-input\":{\"@type\":\"PropertyValueSpecification\",\"valueRequired\":true,\"valueName\":\"search_term_string\"}}],\"inLanguage\":\"fr-FR\"},{\"@type\":\"Organization\",\"@id\":\"https:\\\/\\\/acbb-aikido.fr\\\/#organization\",\"name\":\"ACBB Aikido\",\"url\":\"https:\\\/\\\/acbb-aikido.fr\\\/\",\"logo\":{\"@type\":\"ImageObject\",\"inLanguage\":\"fr-FR\",\"@id\":\"https:\\\/\\\/acbb-aikido.fr\\\/#\\\/schema\\\/logo\\\/image\\\/\",\"url\":\"https:\\\/\\\/acbb-aikido.fr\\\/wp-content\\\/uploads\\\/2021\\\/09\\\/Logo-ACBB-Carre-fond-blanc.png\",\"contentUrl\":\"https:\\\/\\\/acbb-aikido.fr\\\/wp-content\\\/uploads\\\/2021\\\/09\\\/Logo-ACBB-Carre-fond-blanc.png\",\"width\":300,\"height\":300,\"caption\":\"ACBB Aikido\"},\"image\":{\"@id\":\"https:\\\/\\\/acbb-aikido.fr\\\/#\\\/schema\\\/logo\\\/image\\\/\"},\"sameAs\":[\"https:\\\/\\\/www.facebook.com\\\/acbbaikido\\\/\"]}]}<\/script>\n<!-- \/ Yoast SEO plugin. -->","yoast_head_json":{"title":"Historique du club &#8211; ACBB Aikido","robots":{"index":"index","follow":"follow","max-snippet":"max-snippet:-1","max-image-preview":"max-image-preview:large","max-video-preview":"max-video-preview:-1"},"canonical":"https:\/\/acbb-aikido.fr\/index.php\/historique-du-club\/","og_locale":"fr_FR","og_type":"article","og_title":"Historique du club &#8211; ACBB Aikido","og_description":"Historique du club Il devient le premier enseignant du club de Boulogne-Billancourt en 1957. Il est l&rsquo;un des pionniers de l&rsquo;a\u00efkido en France. El\u00e8ve principal de Tadashi Abe (1er expert japonais venu en France et lui-m\u00eame \u00e9l\u00e8ve du Fondateur Morihei Ueshiba). A ce moment-l\u00e0, il y avait en France entre 500 et 1000 pratiquants. Lors du lancement de la discipline \u00e0 l&rsquo;ACBB, l&rsquo;a\u00efkido comptait 5 \u00e9l\u00e8ves dont Jean Gache. D&rsquo;abord pratiquant du Judo sous l&rsquo;enseignement de Jean Cieslak depuis la cr\u00e9ation de la section \u00e0 l&rsquo;ACBB en 1956, Jean obtint sa ceinture noire de Judo et se pris rapidement de passion pour l&rsquo;A\u00efkido. Il a ensuite consacr\u00e9 sa vie \u00e0 cet art martial depuis 1961. El\u00e8ve de Ma\u00eetre Noro, il perfectionnera sa pratique aupr\u00e8s de nombreux experts comme\u00a0Ma\u00eetre Tamura depuis 1964, Me Nagasano, Me Tada ou Me Asai. (Il r\u00e9ussira son premier dan devant Me Tadashi Abe et son 4eme&hellip;  Lire la suite","og_url":"https:\/\/acbb-aikido.fr\/index.php\/historique-du-club\/","og_site_name":"ACBB Aikido","article_publisher":"https:\/\/www.facebook.com\/acbbaikido\/","article_modified_time":"2021-09-16T14:11:22+00:00","og_image":[{"url":"https:\/\/acbb-aikido.fr\/wp-content\/uploads\/2021\/09\/Jean-Gache3.jpg","type":"","width":"","height":""}],"twitter_card":"summary_large_image","twitter_misc":{"Dur\u00e9e de lecture estim\u00e9e":"2 minutes"},"schema":{"@context":"https:\/\/schema.org","@graph":[{"@type":"WebPage","@id":"https:\/\/acbb-aikido.fr\/index.php\/historique-du-club\/","url":"https:\/\/acbb-aikido.fr\/index.php\/historique-du-club\/","name":"Historique du club &#8211; ACBB Aikido","isPartOf":{"@id":"https:\/\/acbb-aikido.fr\/#website"},"primaryImageOfPage":{"@id":"https:\/\/acbb-aikido.fr\/index.php\/historique-du-club\/#primaryimage"},"image":{"@id":"https:\/\/acbb-aikido.fr\/index.php\/historique-du-club\/#primaryimage"},"thumbnailUrl":"https:\/\/acbb-aikido.fr\/wp-content\/uploads\/2021\/09\/Jean-Gache3.jpg","datePublished":"2021-09-13T20:39:50+00:00","dateModified":"2021-09-16T14:11:22+00:00","breadcrumb":{"@id":"https:\/\/acbb-aikido.fr\/index.php\/historique-du-club\/#breadcrumb"},"inLanguage":"fr-FR","potentialAction":[{"@type":"ReadAction","target":["https:\/\/acbb-aikido.fr\/index.php\/historique-du-club\/"]}]},{"@type":"ImageObject","inLanguage":"fr-FR","@id":"https:\/\/acbb-aikido.fr\/index.php\/historique-du-club\/#primaryimage","url":"https:\/\/acbb-aikido.fr\/wp-content\/uploads\/2021\/09\/Jean-Gache3.jpg","contentUrl":"https:\/\/acbb-aikido.fr\/wp-content\/uploads\/2021\/09\/Jean-Gache3.jpg","width":225,"height":300},{"@type":"BreadcrumbList","@id":"https:\/\/acbb-aikido.fr\/index.php\/historique-du-club\/#breadcrumb","itemListElement":[{"@type":"ListItem","position":1,"name":"Accueil","item":"https:\/\/acbb-aikido.fr\/"},{"@type":"ListItem","position":2,"name":"Historique du club"}]},{"@type":"WebSite","@id":"https:\/\/acbb-aikido.fr\/#website","url":"https:\/\/acbb-aikido.fr\/","name":"ACBB Aikido","description":"Rejoignez nous !","publisher":{"@id":"https:\/\/acbb-aikido.fr\/#organization"},"potentialAction":[{"@type":"SearchAction","target":{"@type":"EntryPoint","urlTemplate":"https:\/\/acbb-aikido.fr\/?s={search_term_string}"},"query-input":{"@type":"PropertyValueSpecification","valueRequired":true,"valueName":"search_term_string"}}],"inLanguage":"fr-FR"},{"@type":"Organization","@id":"https:\/\/acbb-aikido.fr\/#organization","name":"ACBB Aikido","url":"https:\/\/acbb-aikido.fr\/","logo":{"@type":"ImageObject","inLanguage":"fr-FR","@id":"https:\/\/acbb-aikido.fr\/#\/schema\/logo\/image\/","url":"https:\/\/acbb-aikido.fr\/wp-content\/uploads\/2021\/09\/Logo-ACBB-Carre-fond-blanc.png","contentUrl":"https:\/\/acbb-aikido.fr\/wp-content\/uploads\/2021\/09\/Logo-ACBB-Carre-fond-blanc.png","width":300,"height":300,"caption":"ACBB Aikido"},"image":{"@id":"https:\/\/acbb-aikido.fr\/#\/schema\/logo\/image\/"},"sameAs":["https:\/\/www.facebook.com\/acbbaikido\/"]}]}},"_links":{"self":[{"href":"https:\/\/acbb-aikido.fr\/index.php\/wp-json\/wp\/v2\/pages\/47","targetHints":{"allow":["GET"]}}],"collection":[{"href":"https:\/\/acbb-aikido.fr\/index.php\/wp-json\/wp\/v2\/pages"}],"about":[{"href":"https:\/\/acbb-aikido.fr\/index.php\/wp-json\/wp\/v2\/types\/page"}],"author":[{"embeddable":true,"href":"https:\/\/acbb-aikido.fr\/index.php\/wp-json\/wp\/v2\/users\/1"}],"replies":[{"embeddable":true,"href":"https:\/\/acbb-aikido.fr\/index.php\/wp-json\/wp\/v2\/comments?post=47"}],"version-history":[{"count":5,"href":"https:\/\/acbb-aikido.fr\/index.php\/wp-json\/wp\/v2\/pages\/47\/revisions"}],"predecessor-version":[{"id":169,"href":"https:\/\/acbb-aikido.fr\/index.php\/wp-json\/wp\/v2\/pages\/47\/revisions\/169"}],"wp:attachment":[{"href":"https:\/\/acbb-aikido.fr\/index.php\/wp-json\/wp\/v2\/media?parent=47"}],"curies":[{"name":"wp","href":"https:\/\/api.w.org\/{rel}","templated":true}]}}