{"id":44,"date":"2021-09-13T20:39:03","date_gmt":"2021-09-13T20:39:03","guid":{"rendered":"https:\/\/acbb-aikido.fr\/?page_id=44"},"modified":"2025-06-16T14:02:17","modified_gmt":"2025-06-16T14:02:17","slug":"multimedias-aikido-videos-photos","status":"publish","type":"page","link":"https:\/\/acbb-aikido.fr\/index.php\/multimedias-aikido-videos-photos\/","title":{"rendered":"Multim\u00e9dias"},"content":{"rendered":"\n\n\t<iframe loading=\"lazy\" width=\"560\" height=\"315\" src=\"https:\/\/www.youtube.com\/embed\/-Auw40DpDsg\" title=\"YouTube video player\" frameborder=\"0\" allow=\"accelerometer; autoplay; clipboard-write; encrypted-media; gyroscope; picture-in-picture; web-share\" allowfullscreen><\/iframe>\n\t<p>Forum des associations 2024.<\/p>\n\t<p><iframe loading=\"lazy\" title=\"Forum des activit\u00e9s 2024\/2025 - Enfants\" width=\"800\" height=\"450\" src=\"https:\/\/www.youtube.com\/embed\/bkoJcLcVeuI?feature=oembed\" frameborder=\"0\" allow=\"accelerometer; autoplay; clipboard-write; encrypted-media; gyroscope; picture-in-picture; web-share\" referrerpolicy=\"strict-origin-when-cross-origin\" allowfullscreen><\/iframe><\/p>\n\t<p><h7>Forum des associations 2023.<\/h7><\/p>\n\t<iframe loading=\"lazy\" width=\"560\" height=\"315\" src=\"https:\/\/www.youtube.com\/embed\/4AcgQjBn9ng?si=3KA4l3cIk44RCUAd\" title=\"YouTube video player\" frameborder=\"0\" allow=\"accelerometer; autoplay; clipboard-write; encrypted-media; gyroscope; picture-in-picture; web-share\" allowfullscreen><\/iframe>\n\t<iframe loading=\"lazy\" width=\"560\" height=\"315\" src=\"https:\/\/www.youtube.com\/embed\/fn45qUkT9UI?si=p-aCIJEMRXgmKhtn\" title=\"YouTube video player\" frameborder=\"0\" allow=\"accelerometer; autoplay; clipboard-write; encrypted-media; gyroscope; picture-in-picture; web-share\" allowfullscreen><\/iframe>\n\t<iframe loading=\"lazy\" width=\"560\" height=\"315\" src=\"https:\/\/www.youtube.com\/embed\/ADpMKyJ-pEA?si=vp6iUetfN2WN2try\" title=\"YouTube video player\" frameborder=\"0\" allow=\"accelerometer; autoplay; clipboard-write; encrypted-media; gyroscope; picture-in-picture; web-share\" allowfullscreen><\/iframe>\n\t<iframe loading=\"lazy\" width=\"560\" height=\"315\" src=\"https:\/\/www.youtube.com\/embed\/O0MX_huxdP0\" title=\"YouTube video player\" frameborder=\"0\" allow=\"accelerometer; autoplay; clipboard-write; encrypted-media; gyroscope; picture-in-picture\" allowfullscreen><\/iframe>\n\t\t<iframe loading=\"lazy\" title=\"Ukemi, ukemi\" width=\"800\" height=\"450\" src=\"https:\/\/www.youtube.com\/embed\/o61VX8h09wA?feature=oembed\" frameborder=\"0\" allow=\"accelerometer; autoplay; clipboard-write; encrypted-media; gyroscope; picture-in-picture\" allowfullscreen><\/iframe>\t\n\t\t<iframe loading=\"lazy\" title=\"Aiki&amp;Curious : Youlika Michalski &amp; Jean-Luc Charles\" width=\"800\" height=\"450\" src=\"https:\/\/www.youtube.com\/embed\/hU2y1SUm-ys?feature=oembed\" frameborder=\"0\" allow=\"accelerometer; autoplay; clipboard-write; encrypted-media; gyroscope; picture-in-picture\" allowfullscreen><\/iframe>\t\n\t<p>On ne lache rien pendant le confinement !<\/p>\n\t\t<iframe loading=\"lazy\" width=\"560\" height=\"315\" src=\"https:\/\/www.youtube.com\/embed\/frM3hqN5Hqo\" title=\"YouTube video player\" frameborder=\"0\" allow=\"accelerometer; autoplay; clipboard-write; encrypted-media; gyroscope; picture-in-picture\" allowfullscreen><\/iframe>\t\n\t\t\t\t<img decoding=\"async\" src=\"https:\/\/acbb-aikido.fr\/wp-content\/uploads\/2021\/09\/IMG_20200629_1947312-scaled.jpg\" alt=\"clone tag: 1102228844549098856\" itemprop=\"image\" height=\"1163\" width=\"2560\" title=\"clone tag: 1102228844549098856\" onerror=\"this.style.display='none'\" loading='lazy' \/>\n\t\t<iframe loading=\"lazy\" width=\"560\" height=\"315\" src=\"https:\/\/www.youtube.com\/embed\/hJQo-PQiBqU\" title=\"YouTube video player\" frameborder=\"0\" allow=\"accelerometer; autoplay; clipboard-write; encrypted-media; gyroscope; picture-in-picture\" allowfullscreen><\/iframe>\t\n\t<hr \/>\n\t\t\t<a href=\"https:\/\/acbb-aikido.fr\/\" target=\"_blank\" rel=\"noopener\">\n\t\t\t\t\t\tAccueil\n\t\t\t\t\t<\/a>\n\t\t\t<a href=\"https:\/\/acbb-aikido.fr\/index.php\/enseignants\/\" target=\"_blank\" rel=\"noopener\">\n\t\t\t\t\t\tEnseignants\n\t\t\t\t\t<\/a>\n\t\t\t<a href=\"https:\/\/acbb-aikido.fr\/index.php\/infos-pratiques\/\" target=\"_blank\" rel=\"noopener\">\n\t\t\t\t\t\tInfos pratiques\n\t\t\t\t\t<\/a>\n\t\t\t<a href=\"https:\/\/acbb-aikido.fr\/index.php\/historique-du-club\/\" target=\"_blank\" rel=\"noopener\">\n\t\t\t\t\t\tHistorique du club\n\t\t\t\t\t<\/a>\n\t\t\t<a href=\"https:\/\/acbb-aikido.fr\/index.php\/liens-utiles\/\" target=\"_blank\" rel=\"noopener\">\n\t\t\t\t\t\tLiens utiles\n\t\t\t\t\t<\/a>\n\n","protected":false},"excerpt":{"rendered":"<p>Forum des associations 2024. Forum des associations 2023. On ne lache rien pendant le confinement ! Accueil Enseignants Infos pratiques Historique du club Liens utiles<\/p>\n","protected":false},"author":1,"featured_media":0,"parent":0,"menu_order":0,"comment_status":"closed","ping_status":"closed","template":"","meta":{"footnotes":""},"class_list":["post-44","page","type-page","status-publish"],"yoast_head":"<!-- This site is optimized with the Yoast SEO plugin v27.4 - https:\/\/yoast.com\/product\/yoast-seo-wordpress\/ -->\n<title>Multim\u00e9dias &#8211; ACBB Aikido<\/title>\n<meta name=\"description\" content=\"ACBB Aikido - la page des vid\u00e9os et photos - La vie du club \u00e0 travers la page des multim\u00e9dias.\" \/>\n<meta name=\"robots\" content=\"index, follow, max-snippet:-1, max-image-preview:large, max-video-preview:-1\" \/>\n<link rel=\"canonical\" href=\"https:\/\/acbb-aikido.fr\/index.php\/multimedias-aikido-videos-photos\/\" \/>\n<meta property=\"og:locale\" content=\"fr_FR\" \/>\n<meta property=\"og:type\" content=\"article\" \/>\n<meta property=\"og:title\" content=\"Multim\u00e9dias &#8211; ACBB Aikido\" \/>\n<meta property=\"og:description\" content=\"ACBB Aikido - la page des vid\u00e9os et photos - La vie du club \u00e0 travers la page des multim\u00e9dias.\" \/>\n<meta property=\"og:url\" content=\"https:\/\/acbb-aikido.fr\/index.php\/multimedias-aikido-videos-photos\/\" \/>\n<meta property=\"og:site_name\" content=\"ACBB Aikido\" \/>\n<meta property=\"article:publisher\" content=\"https:\/\/www.facebook.com\/acbbaikido\/\" \/>\n<meta property=\"article:modified_time\" content=\"2025-06-16T14:02:17+00:00\" \/>\n<meta property=\"og:image\" content=\"https:\/\/acbb-aikido.fr\/wp-content\/uploads\/2021\/09\/IMG_20200629_1947312-scaled.jpg\" \/>\n<meta name=\"twitter:card\" content=\"summary_large_image\" \/>\n<meta name=\"twitter:label1\" content=\"Dur\u00e9e de lecture estim\u00e9e\" \/>\n\t<meta name=\"twitter:data1\" content=\"1 minute\" \/>\n<script type=\"application\/ld+json\" class=\"yoast-schema-graph\">{\"@context\":\"https:\\\/\\\/schema.org\",\"@graph\":[{\"@type\":\"WebPage\",\"@id\":\"https:\\\/\\\/acbb-aikido.fr\\\/index.php\\\/multimedias-aikido-videos-photos\\\/\",\"url\":\"https:\\\/\\\/acbb-aikido.fr\\\/index.php\\\/multimedias-aikido-videos-photos\\\/\",\"name\":\"Multim\u00e9dias &#8211; ACBB Aikido\",\"isPartOf\":{\"@id\":\"https:\\\/\\\/acbb-aikido.fr\\\/#website\"},\"primaryImageOfPage\":{\"@id\":\"https:\\\/\\\/acbb-aikido.fr\\\/index.php\\\/multimedias-aikido-videos-photos\\\/#primaryimage\"},\"image\":{\"@id\":\"https:\\\/\\\/acbb-aikido.fr\\\/index.php\\\/multimedias-aikido-videos-photos\\\/#primaryimage\"},\"thumbnailUrl\":\"https:\\\/\\\/acbb-aikido.fr\\\/wp-content\\\/uploads\\\/2021\\\/09\\\/IMG_20200629_1947312-scaled.jpg\",\"datePublished\":\"2021-09-13T20:39:03+00:00\",\"dateModified\":\"2025-06-16T14:02:17+00:00\",\"description\":\"ACBB Aikido - la page des vid\u00e9os et photos - La vie du club \u00e0 travers la page des multim\u00e9dias.\",\"breadcrumb\":{\"@id\":\"https:\\\/\\\/acbb-aikido.fr\\\/index.php\\\/multimedias-aikido-videos-photos\\\/#breadcrumb\"},\"inLanguage\":\"fr-FR\",\"potentialAction\":[{\"@type\":\"ReadAction\",\"target\":[\"https:\\\/\\\/acbb-aikido.fr\\\/index.php\\\/multimedias-aikido-videos-photos\\\/\"]}]},{\"@type\":\"ImageObject\",\"inLanguage\":\"fr-FR\",\"@id\":\"https:\\\/\\\/acbb-aikido.fr\\\/index.php\\\/multimedias-aikido-videos-photos\\\/#primaryimage\",\"url\":\"https:\\\/\\\/acbb-aikido.fr\\\/wp-content\\\/uploads\\\/2021\\\/09\\\/IMG_20200629_1947312-scaled.jpg\",\"contentUrl\":\"https:\\\/\\\/acbb-aikido.fr\\\/wp-content\\\/uploads\\\/2021\\\/09\\\/IMG_20200629_1947312-scaled.jpg\",\"width\":2560,\"height\":1163,\"caption\":\"clone tag: 1102228844549098856\"},{\"@type\":\"BreadcrumbList\",\"@id\":\"https:\\\/\\\/acbb-aikido.fr\\\/index.php\\\/multimedias-aikido-videos-photos\\\/#breadcrumb\",\"itemListElement\":[{\"@type\":\"ListItem\",\"position\":1,\"name\":\"Accueil\",\"item\":\"https:\\\/\\\/acbb-aikido.fr\\\/\"},{\"@type\":\"ListItem\",\"position\":2,\"name\":\"Multim\u00e9dias\"}]},{\"@type\":\"WebSite\",\"@id\":\"https:\\\/\\\/acbb-aikido.fr\\\/#website\",\"url\":\"https:\\\/\\\/acbb-aikido.fr\\\/\",\"name\":\"ACBB Aikido\",\"description\":\"Rejoignez nous !\",\"publisher\":{\"@id\":\"https:\\\/\\\/acbb-aikido.fr\\\/#organization\"},\"potentialAction\":[{\"@type\":\"SearchAction\",\"target\":{\"@type\":\"EntryPoint\",\"urlTemplate\":\"https:\\\/\\\/acbb-aikido.fr\\\/?s={search_term_string}\"},\"query-input\":{\"@type\":\"PropertyValueSpecification\",\"valueRequired\":true,\"valueName\":\"search_term_string\"}}],\"inLanguage\":\"fr-FR\"},{\"@type\":\"Organization\",\"@id\":\"https:\\\/\\\/acbb-aikido.fr\\\/#organization\",\"name\":\"ACBB Aikido\",\"url\":\"https:\\\/\\\/acbb-aikido.fr\\\/\",\"logo\":{\"@type\":\"ImageObject\",\"inLanguage\":\"fr-FR\",\"@id\":\"https:\\\/\\\/acbb-aikido.fr\\\/#\\\/schema\\\/logo\\\/image\\\/\",\"url\":\"https:\\\/\\\/acbb-aikido.fr\\\/wp-content\\\/uploads\\\/2021\\\/09\\\/Logo-ACBB-Carre-fond-blanc.png\",\"contentUrl\":\"https:\\\/\\\/acbb-aikido.fr\\\/wp-content\\\/uploads\\\/2021\\\/09\\\/Logo-ACBB-Carre-fond-blanc.png\",\"width\":300,\"height\":300,\"caption\":\"ACBB Aikido\"},\"image\":{\"@id\":\"https:\\\/\\\/acbb-aikido.fr\\\/#\\\/schema\\\/logo\\\/image\\\/\"},\"sameAs\":[\"https:\\\/\\\/www.facebook.com\\\/acbbaikido\\\/\"]}]}<\/script>\n<!-- \/ Yoast SEO plugin. -->","yoast_head_json":{"title":"Multim\u00e9dias &#8211; ACBB Aikido","description":"ACBB Aikido - la page des vid\u00e9os et photos - La vie du club \u00e0 travers la page des multim\u00e9dias.","robots":{"index":"index","follow":"follow","max-snippet":"max-snippet:-1","max-image-preview":"max-image-preview:large","max-video-preview":"max-video-preview:-1"},"canonical":"https:\/\/acbb-aikido.fr\/index.php\/multimedias-aikido-videos-photos\/","og_locale":"fr_FR","og_type":"article","og_title":"Multim\u00e9dias &#8211; ACBB Aikido","og_description":"ACBB Aikido - la page des vid\u00e9os et photos - La vie du club \u00e0 travers la page des multim\u00e9dias.","og_url":"https:\/\/acbb-aikido.fr\/index.php\/multimedias-aikido-videos-photos\/","og_site_name":"ACBB Aikido","article_publisher":"https:\/\/www.facebook.com\/acbbaikido\/","article_modified_time":"2025-06-16T14:02:17+00:00","og_image":[{"url":"https:\/\/acbb-aikido.fr\/wp-content\/uploads\/2021\/09\/IMG_20200629_1947312-scaled.jpg","type":"","width":"","height":""}],"twitter_card":"summary_large_image","twitter_misc":{"Dur\u00e9e de lecture estim\u00e9e":"1 minute"},"schema":{"@context":"https:\/\/schema.org","@graph":[{"@type":"WebPage","@id":"https:\/\/acbb-aikido.fr\/index.php\/multimedias-aikido-videos-photos\/","url":"https:\/\/acbb-aikido.fr\/index.php\/multimedias-aikido-videos-photos\/","name":"Multim\u00e9dias &#8211; ACBB Aikido","isPartOf":{"@id":"https:\/\/acbb-aikido.fr\/#website"},"primaryImageOfPage":{"@id":"https:\/\/acbb-aikido.fr\/index.php\/multimedias-aikido-videos-photos\/#primaryimage"},"image":{"@id":"https:\/\/acbb-aikido.fr\/index.php\/multimedias-aikido-videos-photos\/#primaryimage"},"thumbnailUrl":"https:\/\/acbb-aikido.fr\/wp-content\/uploads\/2021\/09\/IMG_20200629_1947312-scaled.jpg","datePublished":"2021-09-13T20:39:03+00:00","dateModified":"2025-06-16T14:02:17+00:00","description":"ACBB Aikido - la page des vid\u00e9os et photos - La vie du club \u00e0 travers la page des multim\u00e9dias.","breadcrumb":{"@id":"https:\/\/acbb-aikido.fr\/index.php\/multimedias-aikido-videos-photos\/#breadcrumb"},"inLanguage":"fr-FR","potentialAction":[{"@type":"ReadAction","target":["https:\/\/acbb-aikido.fr\/index.php\/multimedias-aikido-videos-photos\/"]}]},{"@type":"ImageObject","inLanguage":"fr-FR","@id":"https:\/\/acbb-aikido.fr\/index.php\/multimedias-aikido-videos-photos\/#primaryimage","url":"https:\/\/acbb-aikido.fr\/wp-content\/uploads\/2021\/09\/IMG_20200629_1947312-scaled.jpg","contentUrl":"https:\/\/acbb-aikido.fr\/wp-content\/uploads\/2021\/09\/IMG_20200629_1947312-scaled.jpg","width":2560,"height":1163,"caption":"clone tag: 1102228844549098856"},{"@type":"BreadcrumbList","@id":"https:\/\/acbb-aikido.fr\/index.php\/multimedias-aikido-videos-photos\/#breadcrumb","itemListElement":[{"@type":"ListItem","position":1,"name":"Accueil","item":"https:\/\/acbb-aikido.fr\/"},{"@type":"ListItem","position":2,"name":"Multim\u00e9dias"}]},{"@type":"WebSite","@id":"https:\/\/acbb-aikido.fr\/#website","url":"https:\/\/acbb-aikido.fr\/","name":"ACBB Aikido","description":"Rejoignez nous !","publisher":{"@id":"https:\/\/acbb-aikido.fr\/#organization"},"potentialAction":[{"@type":"SearchAction","target":{"@type":"EntryPoint","urlTemplate":"https:\/\/acbb-aikido.fr\/?s={search_term_string}"},"query-input":{"@type":"PropertyValueSpecification","valueRequired":true,"valueName":"search_term_string"}}],"inLanguage":"fr-FR"},{"@type":"Organization","@id":"https:\/\/acbb-aikido.fr\/#organization","name":"ACBB Aikido","url":"https:\/\/acbb-aikido.fr\/","logo":{"@type":"ImageObject","inLanguage":"fr-FR","@id":"https:\/\/acbb-aikido.fr\/#\/schema\/logo\/image\/","url":"https:\/\/acbb-aikido.fr\/wp-content\/uploads\/2021\/09\/Logo-ACBB-Carre-fond-blanc.png","contentUrl":"https:\/\/acbb-aikido.fr\/wp-content\/uploads\/2021\/09\/Logo-ACBB-Carre-fond-blanc.png","width":300,"height":300,"caption":"ACBB Aikido"},"image":{"@id":"https:\/\/acbb-aikido.fr\/#\/schema\/logo\/image\/"},"sameAs":["https:\/\/www.facebook.com\/acbbaikido\/"]}]}},"_links":{"self":[{"href":"https:\/\/acbb-aikido.fr\/index.php\/wp-json\/wp\/v2\/pages\/44","targetHints":{"allow":["GET"]}}],"collection":[{"href":"https:\/\/acbb-aikido.fr\/index.php\/wp-json\/wp\/v2\/pages"}],"about":[{"href":"https:\/\/acbb-aikido.fr\/index.php\/wp-json\/wp\/v2\/types\/page"}],"author":[{"embeddable":true,"href":"https:\/\/acbb-aikido.fr\/index.php\/wp-json\/wp\/v2\/users\/1"}],"replies":[{"embeddable":true,"href":"https:\/\/acbb-aikido.fr\/index.php\/wp-json\/wp\/v2\/comments?post=44"}],"version-history":[{"count":36,"href":"https:\/\/acbb-aikido.fr\/index.php\/wp-json\/wp\/v2\/pages\/44\/revisions"}],"predecessor-version":[{"id":390,"href":"https:\/\/acbb-aikido.fr\/index.php\/wp-json\/wp\/v2\/pages\/44\/revisions\/390"}],"wp:attachment":[{"href":"https:\/\/acbb-aikido.fr\/index.php\/wp-json\/wp\/v2\/media?parent=44"}],"curies":[{"name":"wp","href":"https:\/\/api.w.org\/{rel}","templated":true}]}}