{"id":24,"date":"2021-09-13T19:53:07","date_gmt":"2021-09-13T19:53:07","guid":{"rendered":"https:\/\/acbb-aikido.fr\/?page_id=24"},"modified":"2024-11-11T14:41:38","modified_gmt":"2024-11-11T14:41:38","slug":"accueil","status":"publish","type":"page","link":"https:\/\/acbb-aikido.fr\/","title":{"rendered":"Accueil"},"content":{"rendered":"\n<h2>\n\t\tBienvenue sur le site de la section Aikido de l&rsquo;ACBB\n\t<\/h2>\n\t\t\t\t<img loading=\"lazy\" decoding=\"async\" src=\"https:\/\/acbb-aikido.fr\/wp-content\/uploads\/2023\/04\/PXL_20230401_103441641_repris-scaled.jpg\" alt=\"PXL_20230401_103441641_repris\" itemprop=\"image\" height=\"1440\" width=\"2560\" title=\"PXL_20230401_103441641_repris\" onerror=\"this.style.display='none'\"  \/>\n\tSur ce site vous trouverez toutes sortes de renseignements, comme par exemple :\n\n<ul>\n<li>les actualit\u00e9s du club<\/li>\n<\/ul>\n<ul>\n<li>des informations sp\u00e9cifiques concernant les cours et la\u00a0vie du club\u00a0en g\u00e9n\u00e9ral (<a href=\"https:\/\/acbb-aikido.fr\/index.php\/infos-pratiques\/\" target=\"_blank\" rel=\"noopener\">horaires des cours <\/a>, <a href=\"https:\/\/acbb-aikido.fr\/index.php\/enseignants\/\" target=\"_blank\" rel=\"noopener\">enseignants <\/a>, <a href=\"https:\/\/acbb-aikido.fr\/index.php\/infos-pratiques\/\" target=\"_blank\" rel=\"noopener\">inscriptions, acc\u00e8s aux dojos <\/a>&#8230;)<\/li>\n<li><a href=\"https:\/\/acbb-aikido.fr\/index.php\/historique-du-club\/\" target=\"_blank\" rel=\"noopener\">l&rsquo;historique du club <\/a><\/li>\n<li>des <a href=\"https:\/\/acbb-aikido.fr\/index.php\/liens-utiles\/\" target=\"_blank\" rel=\"noopener\">liens utiles <\/a> vers diff\u00e9rents sites<\/li>\n<\/ul>\n<p>N&rsquo;h\u00e9sitez donc pas \u00e0 vous promener et\u00a0<a href=\"mailto:acbbaiki.2020@gmail.com\"><u>nous \u00e9crire<\/u><\/a>\u00a0pour tout renseignement!<\/p>\n\t\t\t<a href=\"https:\/\/acbb-aikido.fr\/index.php\/enseignants\/\" target=\"_self\" rel=\"noopener\">\n\t\t\t\t\t\tEnseignants\n\t\t\t\t\t<\/a>\n\t\t\t<a href=\"https:\/\/acbb-aikido.fr\/index.php\/infos-pratiques\/\" target=\"_self\" rel=\"noopener\">\n\t\t\t\t\t\tInfos pratiques\n\t\t\t\t\t<\/a>\n\t\t\t<a href=\"https:\/\/acbb-aikido.fr\/index.php\/historique-du-club\/\" target=\"_self\" rel=\"noopener\">\n\t\t\t\t\t\tHistorique du club\n\t\t\t\t\t<\/a>\n\t\t\t<a href=\"https:\/\/acbb-aikido.fr\/index.php\/multimedias\/\" target=\"_self\" rel=\"noopener\">\n\t\t\t\t\t\tMultim\u00e9dias\n\t\t\t\t\t<\/a>\n\t\t\t<a href=\"https:\/\/acbb-aikido.fr\/index.php\/liens-utiles\/\" target=\"_blank\" rel=\"noopener\">\n\t\t\t\t\t\tLiens utiles\n\t\t\t\t\t<\/a>\n\t\t\t<a href=\"https:\/\/acbb-aikido.fr\/index.php\/stages_au_dojo\/\" target=\"_blank\" rel=\"noopener\">\n\t\t\t\t\t\tLes prochaines stages au dojo c&rsquo;est ici\n\t\t\t\t\t<\/a>\n\t<hr \/>\n\t<iframe loading=\"lazy\" width=\"560\" height=\"315\" src=\"https:\/\/www.youtube.com\/embed\/-Auw40DpDsg\" title=\"YouTube video player\" frameborder=\"0\" allow=\"accelerometer; autoplay; clipboard-write; encrypted-media; gyroscope; picture-in-picture; web-share\" allowfullscreen><\/iframe>\n\t<hr \/>\n\t<p><b>L&rsquo;Aikido &#8211; L&rsquo;art d&rsquo;harmoniser les oppositions &#8230;<\/b><\/p>\n\t\n<p><a href=\"https:\/\/fr.wikipedia.org\/wiki\/A%C3%AFkido\">L&rsquo;Aikido<\/a> est un art martial japonais. C&rsquo;est la voie de l&rsquo;union des \u00e9nergies et de l&rsquo;harmonisation des oppos\u00e9s.<\/p>\n<p>Inspir\u00e9 d&rsquo;un art guerrier (le <a href=\"https:\/\/fr.wikipedia.org\/wiki\/Dait%C5%8Dry%C5%AB_aikij%C5%ABjutsu\">Daito-ry\u00fb<\/a>) dont le but est de d\u00e9truire la personne qui vous\u00a0attaque. L&rsquo;Aikido se veut pacifiste, car on ne d\u00e9truit pas la personne qui vous agresse, mais plut\u00f4t son intention de vous d\u00e9truire.<\/p>\n<p>Ce qui induit qu&rsquo;il n&rsquo;y a ni gagnant, ni perdant, il y a deux gagnants car le sentiment d&rsquo;agressivit\u00e9 de d\u00e9part \u00e0 \u00e9t\u00e9 annihil\u00e9 par l&rsquo;esprit et l&rsquo;action que permettent les techniques d&rsquo;Aikido.<\/p>\n<p>En plus de cela, la discipline offre une grande palette de techniques sur diff\u00e9rentes attaques et saisies avec plusieurs niveaux de travail : A genoux, debout, sans arme, avec armes (couteaux, b\u00e2tons et sabres en bois) qui se terminent par une projection ou une immobilisation.<\/p>\n<p>En cons\u00e9quence, elle est bien adapt\u00e9e pour les enfants, les parents et m\u00eame les grands-parents. Chacun \u00e9volue \u00e0 son propre rythme, sans contrainte ni pression.<\/p>\n<p>Le plus remarquable, en Aikidola comp\u00e9tition n&rsquo;existe pas, le seul adversaire \u00e0 battre, c&rsquo;est vous-m\u00eame.<\/p>\n<p>Mais pour mieux comprendre ce qu&rsquo;est l&rsquo;Aikido, il faut franchir les portes de notre dojo ou nous nous ferons une joie de vous accueillir afin de vous montrer la voie (do).<\/p>\n<p>Un jour, un professeur a dit lors de son cours : \u201f L&rsquo;Aikido c&rsquo;est comme tenter de vous expliquer quel gout a une orange, alors que vous n&rsquo;y avez jamais go\u00fbt\u00e9. Il faut y avoir go\u00fbt\u00e9 pour comprendre.\u00a0\u00bb<\/p>\n\t\t\t\t<img loading=\"lazy\" decoding=\"async\" src=\"https:\/\/acbb-aikido.fr\/wp-content\/uploads\/2021\/09\/StageTikiShewan_29112019-73-769x1024.jpg\" alt=\"StageTikiShewan_29112019 (73)\" itemprop=\"image\" height=\"1024\" width=\"769\" title=\"StageTikiShewan_29112019 (73)\" onerror=\"this.style.display='none'\"  \/>\n\n","protected":false},"excerpt":{"rendered":"<p>Bienvenue sur le site de la section Aikido de l&rsquo;ACBB Sur ce site vous trouverez toutes sortes de renseignements, comme par exemple : les actualit\u00e9s du club des informations sp\u00e9cifiques concernant les cours et la\u00a0vie du club\u00a0en g\u00e9n\u00e9ral (horaires des cours , enseignants , inscriptions, acc\u00e8s aux dojos &#8230;) l&rsquo;historique du club des liens utiles vers diff\u00e9rents sites N&rsquo;h\u00e9sitez donc pas \u00e0 vous promener et\u00a0nous \u00e9crire\u00a0pour tout renseignement! Enseignants Infos pratiques Historique du club Multim\u00e9dias Liens utiles Les prochaines stages au dojo c&rsquo;est ici L&rsquo;Aikido &#8211; L&rsquo;art d&rsquo;harmoniser les oppositions &#8230; L&rsquo;Aikido est un art martial japonais. C&rsquo;est la voie de l&rsquo;union des \u00e9nergies et de l&rsquo;harmonisation des oppos\u00e9s. Inspir\u00e9 d&rsquo;un art guerrier (le Daito-ry\u00fb) dont le but est de d\u00e9truire la personne qui vous\u00a0attaque. L&rsquo;Aikido se veut pacifiste, car on ne d\u00e9truit pas la personne qui vous agresse, mais plut\u00f4t son intention de vous d\u00e9truire. Ce qui induit qu&rsquo;il&hellip;<\/p>\n<p> <a class=\"more-link\" href=\"https:\/\/acbb-aikido.fr\/\">Lire la suite<\/a><\/p>\n","protected":false},"author":1,"featured_media":0,"parent":0,"menu_order":0,"comment_status":"closed","ping_status":"closed","template":"","meta":{"footnotes":""},"class_list":["post-24","page","type-page","status-publish"],"yoast_head":"<!-- This site is optimized with the Yoast SEO plugin v27.4 - https:\/\/yoast.com\/product\/yoast-seo-wordpress\/ -->\n<title>Accueil &#8211; ACBB Aikido &#8211; 92 &#8211; Boulogne Billancourt<\/title>\n<meta name=\"description\" content=\"Retrouvez toutes les informations sur le site. Venez nous rejoindre pour pratiquer l&#039;Aikido un art martial japonais \u00e0 Boulogne Billancourt\" \/>\n<meta name=\"robots\" content=\"index, follow, max-snippet:-1, max-image-preview:large, max-video-preview:-1\" \/>\n<link rel=\"canonical\" href=\"https:\/\/acbb-aikido.fr\/\" \/>\n<meta property=\"og:locale\" content=\"fr_FR\" \/>\n<meta property=\"og:type\" content=\"article\" \/>\n<meta property=\"og:title\" content=\"Accueil &#8211; ACBB Aikido &#8211; 92 &#8211; Boulogne Billancourt\" \/>\n<meta property=\"og:description\" content=\"Retrouvez toutes les informations sur le site. Venez nous rejoindre pour pratiquer l&#039;Aikido un art martial japonais \u00e0 Boulogne Billancourt\" \/>\n<meta property=\"og:url\" content=\"https:\/\/acbb-aikido.fr\/\" \/>\n<meta property=\"og:site_name\" content=\"ACBB Aikido\" \/>\n<meta property=\"article:publisher\" content=\"https:\/\/www.facebook.com\/acbbaikido\/\" \/>\n<meta property=\"article:modified_time\" content=\"2024-11-11T14:41:38+00:00\" \/>\n<meta property=\"og:image\" content=\"https:\/\/acbb-aikido.fr\/wp-content\/uploads\/2023\/04\/PXL_20230401_103441641_repris-scaled.jpg\" \/>\n<meta name=\"twitter:card\" content=\"summary_large_image\" \/>\n<meta name=\"twitter:label1\" content=\"Dur\u00e9e de lecture estim\u00e9e\" \/>\n\t<meta name=\"twitter:data1\" content=\"3 minutes\" \/>\n<script type=\"application\/ld+json\" class=\"yoast-schema-graph\">{\"@context\":\"https:\\\/\\\/schema.org\",\"@graph\":[{\"@type\":\"WebPage\",\"@id\":\"https:\\\/\\\/acbb-aikido.fr\\\/\",\"url\":\"https:\\\/\\\/acbb-aikido.fr\\\/\",\"name\":\"Accueil &#8211; ACBB Aikido &#8211; 92 &#8211; Boulogne Billancourt\",\"isPartOf\":{\"@id\":\"https:\\\/\\\/acbb-aikido.fr\\\/#website\"},\"primaryImageOfPage\":{\"@id\":\"https:\\\/\\\/acbb-aikido.fr\\\/#primaryimage\"},\"image\":{\"@id\":\"https:\\\/\\\/acbb-aikido.fr\\\/#primaryimage\"},\"thumbnailUrl\":\"https:\\\/\\\/acbb-aikido.fr\\\/wp-content\\\/uploads\\\/2023\\\/04\\\/PXL_20230401_103441641_repris-scaled.jpg\",\"datePublished\":\"2021-09-13T19:53:07+00:00\",\"dateModified\":\"2024-11-11T14:41:38+00:00\",\"description\":\"Retrouvez toutes les informations sur le site. Venez nous rejoindre pour pratiquer l'Aikido un art martial japonais \u00e0 Boulogne Billancourt\",\"breadcrumb\":{\"@id\":\"https:\\\/\\\/acbb-aikido.fr\\\/#breadcrumb\"},\"inLanguage\":\"fr-FR\",\"potentialAction\":[{\"@type\":\"ReadAction\",\"target\":[\"https:\\\/\\\/acbb-aikido.fr\\\/\"]}]},{\"@type\":\"ImageObject\",\"inLanguage\":\"fr-FR\",\"@id\":\"https:\\\/\\\/acbb-aikido.fr\\\/#primaryimage\",\"url\":\"https:\\\/\\\/acbb-aikido.fr\\\/wp-content\\\/uploads\\\/2023\\\/04\\\/PXL_20230401_103441641_repris-scaled.jpg\",\"contentUrl\":\"https:\\\/\\\/acbb-aikido.fr\\\/wp-content\\\/uploads\\\/2023\\\/04\\\/PXL_20230401_103441641_repris-scaled.jpg\",\"width\":2560,\"height\":1440},{\"@type\":\"BreadcrumbList\",\"@id\":\"https:\\\/\\\/acbb-aikido.fr\\\/#breadcrumb\",\"itemListElement\":[{\"@type\":\"ListItem\",\"position\":1,\"name\":\"Accueil\",\"item\":\"https:\\\/\\\/acbb-aikido.fr\\\/\"},{\"@type\":\"ListItem\",\"position\":2,\"name\":\"Accueil\"}]},{\"@type\":\"WebSite\",\"@id\":\"https:\\\/\\\/acbb-aikido.fr\\\/#website\",\"url\":\"https:\\\/\\\/acbb-aikido.fr\\\/\",\"name\":\"ACBB Aikido\",\"description\":\"Rejoignez nous !\",\"publisher\":{\"@id\":\"https:\\\/\\\/acbb-aikido.fr\\\/#organization\"},\"potentialAction\":[{\"@type\":\"SearchAction\",\"target\":{\"@type\":\"EntryPoint\",\"urlTemplate\":\"https:\\\/\\\/acbb-aikido.fr\\\/?s={search_term_string}\"},\"query-input\":{\"@type\":\"PropertyValueSpecification\",\"valueRequired\":true,\"valueName\":\"search_term_string\"}}],\"inLanguage\":\"fr-FR\"},{\"@type\":\"Organization\",\"@id\":\"https:\\\/\\\/acbb-aikido.fr\\\/#organization\",\"name\":\"ACBB Aikido\",\"url\":\"https:\\\/\\\/acbb-aikido.fr\\\/\",\"logo\":{\"@type\":\"ImageObject\",\"inLanguage\":\"fr-FR\",\"@id\":\"https:\\\/\\\/acbb-aikido.fr\\\/#\\\/schema\\\/logo\\\/image\\\/\",\"url\":\"https:\\\/\\\/acbb-aikido.fr\\\/wp-content\\\/uploads\\\/2021\\\/09\\\/Logo-ACBB-Carre-fond-blanc.png\",\"contentUrl\":\"https:\\\/\\\/acbb-aikido.fr\\\/wp-content\\\/uploads\\\/2021\\\/09\\\/Logo-ACBB-Carre-fond-blanc.png\",\"width\":300,\"height\":300,\"caption\":\"ACBB Aikido\"},\"image\":{\"@id\":\"https:\\\/\\\/acbb-aikido.fr\\\/#\\\/schema\\\/logo\\\/image\\\/\"},\"sameAs\":[\"https:\\\/\\\/www.facebook.com\\\/acbbaikido\\\/\"]}]}<\/script>\n<!-- \/ Yoast SEO plugin. -->","yoast_head_json":{"title":"Accueil &#8211; ACBB Aikido &#8211; 92 &#8211; Boulogne Billancourt","description":"Retrouvez toutes les informations sur le site. Venez nous rejoindre pour pratiquer l'Aikido un art martial japonais \u00e0 Boulogne Billancourt","robots":{"index":"index","follow":"follow","max-snippet":"max-snippet:-1","max-image-preview":"max-image-preview:large","max-video-preview":"max-video-preview:-1"},"canonical":"https:\/\/acbb-aikido.fr\/","og_locale":"fr_FR","og_type":"article","og_title":"Accueil &#8211; ACBB Aikido &#8211; 92 &#8211; Boulogne Billancourt","og_description":"Retrouvez toutes les informations sur le site. Venez nous rejoindre pour pratiquer l'Aikido un art martial japonais \u00e0 Boulogne Billancourt","og_url":"https:\/\/acbb-aikido.fr\/","og_site_name":"ACBB Aikido","article_publisher":"https:\/\/www.facebook.com\/acbbaikido\/","article_modified_time":"2024-11-11T14:41:38+00:00","og_image":[{"url":"https:\/\/acbb-aikido.fr\/wp-content\/uploads\/2023\/04\/PXL_20230401_103441641_repris-scaled.jpg","type":"","width":"","height":""}],"twitter_card":"summary_large_image","twitter_misc":{"Dur\u00e9e de lecture estim\u00e9e":"3 minutes"},"schema":{"@context":"https:\/\/schema.org","@graph":[{"@type":"WebPage","@id":"https:\/\/acbb-aikido.fr\/","url":"https:\/\/acbb-aikido.fr\/","name":"Accueil &#8211; ACBB Aikido &#8211; 92 &#8211; Boulogne Billancourt","isPartOf":{"@id":"https:\/\/acbb-aikido.fr\/#website"},"primaryImageOfPage":{"@id":"https:\/\/acbb-aikido.fr\/#primaryimage"},"image":{"@id":"https:\/\/acbb-aikido.fr\/#primaryimage"},"thumbnailUrl":"https:\/\/acbb-aikido.fr\/wp-content\/uploads\/2023\/04\/PXL_20230401_103441641_repris-scaled.jpg","datePublished":"2021-09-13T19:53:07+00:00","dateModified":"2024-11-11T14:41:38+00:00","description":"Retrouvez toutes les informations sur le site. Venez nous rejoindre pour pratiquer l'Aikido un art martial japonais \u00e0 Boulogne Billancourt","breadcrumb":{"@id":"https:\/\/acbb-aikido.fr\/#breadcrumb"},"inLanguage":"fr-FR","potentialAction":[{"@type":"ReadAction","target":["https:\/\/acbb-aikido.fr\/"]}]},{"@type":"ImageObject","inLanguage":"fr-FR","@id":"https:\/\/acbb-aikido.fr\/#primaryimage","url":"https:\/\/acbb-aikido.fr\/wp-content\/uploads\/2023\/04\/PXL_20230401_103441641_repris-scaled.jpg","contentUrl":"https:\/\/acbb-aikido.fr\/wp-content\/uploads\/2023\/04\/PXL_20230401_103441641_repris-scaled.jpg","width":2560,"height":1440},{"@type":"BreadcrumbList","@id":"https:\/\/acbb-aikido.fr\/#breadcrumb","itemListElement":[{"@type":"ListItem","position":1,"name":"Accueil","item":"https:\/\/acbb-aikido.fr\/"},{"@type":"ListItem","position":2,"name":"Accueil"}]},{"@type":"WebSite","@id":"https:\/\/acbb-aikido.fr\/#website","url":"https:\/\/acbb-aikido.fr\/","name":"ACBB Aikido","description":"Rejoignez nous !","publisher":{"@id":"https:\/\/acbb-aikido.fr\/#organization"},"potentialAction":[{"@type":"SearchAction","target":{"@type":"EntryPoint","urlTemplate":"https:\/\/acbb-aikido.fr\/?s={search_term_string}"},"query-input":{"@type":"PropertyValueSpecification","valueRequired":true,"valueName":"search_term_string"}}],"inLanguage":"fr-FR"},{"@type":"Organization","@id":"https:\/\/acbb-aikido.fr\/#organization","name":"ACBB Aikido","url":"https:\/\/acbb-aikido.fr\/","logo":{"@type":"ImageObject","inLanguage":"fr-FR","@id":"https:\/\/acbb-aikido.fr\/#\/schema\/logo\/image\/","url":"https:\/\/acbb-aikido.fr\/wp-content\/uploads\/2021\/09\/Logo-ACBB-Carre-fond-blanc.png","contentUrl":"https:\/\/acbb-aikido.fr\/wp-content\/uploads\/2021\/09\/Logo-ACBB-Carre-fond-blanc.png","width":300,"height":300,"caption":"ACBB Aikido"},"image":{"@id":"https:\/\/acbb-aikido.fr\/#\/schema\/logo\/image\/"},"sameAs":["https:\/\/www.facebook.com\/acbbaikido\/"]}]}},"_links":{"self":[{"href":"https:\/\/acbb-aikido.fr\/index.php\/wp-json\/wp\/v2\/pages\/24","targetHints":{"allow":["GET"]}}],"collection":[{"href":"https:\/\/acbb-aikido.fr\/index.php\/wp-json\/wp\/v2\/pages"}],"about":[{"href":"https:\/\/acbb-aikido.fr\/index.php\/wp-json\/wp\/v2\/types\/page"}],"author":[{"embeddable":true,"href":"https:\/\/acbb-aikido.fr\/index.php\/wp-json\/wp\/v2\/users\/1"}],"replies":[{"embeddable":true,"href":"https:\/\/acbb-aikido.fr\/index.php\/wp-json\/wp\/v2\/comments?post=24"}],"version-history":[{"count":49,"href":"https:\/\/acbb-aikido.fr\/index.php\/wp-json\/wp\/v2\/pages\/24\/revisions"}],"predecessor-version":[{"id":362,"href":"https:\/\/acbb-aikido.fr\/index.php\/wp-json\/wp\/v2\/pages\/24\/revisions\/362"}],"wp:attachment":[{"href":"https:\/\/acbb-aikido.fr\/index.php\/wp-json\/wp\/v2\/media?parent=24"}],"curies":[{"name":"wp","href":"https:\/\/api.w.org\/{rel}","templated":true}]}}